{"id":328,"date":"2026-01-08T14:51:04","date_gmt":"2026-01-08T14:51:04","guid":{"rendered":"https:\/\/claude-place.fr\/?page_id=328"},"modified":"2026-04-05T14:57:06","modified_gmt":"2026-04-05T14:57:06","slug":"photos-voyages","status":"publish","type":"page","link":"https:\/\/claude-place.fr\/?page_id=328","title":{"rendered":"PHOTOS VOYAGES"},"content":{"rendered":"\n<p>Paysages des divers voyages depuis les ann\u00e9es 2010<\/p>\n\n\n\n<p>A partir des ann\u00e9es 2010, r\u00e9sidant dans la Ni\u00e8vre o\u00f9 j\u2019ai emm\u00e9nag\u00e9 pour communier avec la nature apr\u00e8s de long s\u00e9jours en ville, j\u2019effectue de nombreux voyages d\u2019agr\u00e9ment <\/p>\n\n\n\n<p>\u00ab\u00a0AUTOUR DU MONDE\u00a0\u00bb :<\/p>\n\n\n\n<p>Afrique du sud, R\u00e9union, Ile Maurice \u2013 Inde \u2013 Chili, Costa Rica, Colombie, Cuba, Mexique, P\u00e9rou \u2013 Maroc, Espagne, Portugal) et me rends au devant des habitants pour immortaliser des sc\u00e8nes de la vie quotidienne qui sont rassembl\u00e9es sous le terme \u00ab\u00a0<a href=\"https:\/\/claude-place.fr\/?page_id=109\">LES <strong><u>GENS D\u2019AILLEURS<\/u>\u00a0<\/strong><\/a><strong>\u00bb<\/strong> ou \u00ab\u00a0PAYSAGES\u00a0\u00bb<\/p>\n\n\n\n<p><\/p>\n","protected":false},"excerpt":{"rendered":"<p>Paysages des divers voyages depuis les ann\u00e9es 2010 A partir des ann\u00e9es 2010, r\u00e9sidant dans la Ni\u00e8vre o\u00f9 j\u2019ai emm\u00e9nag\u00e9 pour communier avec la nature apr\u00e8s de long s\u00e9jours en ville, j\u2019effectue de nombreux voyages d\u2019agr\u00e9ment \u00ab\u00a0AUTOUR DU MONDE\u00a0\u00bb : Afrique du sud, R\u00e9union, Ile Maurice \u2013 Inde \u2013 Chili, Costa Rica, Colombie, Cuba, Mexique, [&hellip;]<\/p>\n","protected":false},"author":1,"featured_media":0,"parent":0,"menu_order":0,"comment_status":"closed","ping_status":"closed","template":"","meta":{"footnotes":""},"class_list":["post-328","page","type-page","status-publish","hentry"],"_links":{"self":[{"href":"https:\/\/claude-place.fr\/index.php?rest_route=\/wp\/v2\/pages\/328","targetHints":{"allow":["GET"]}}],"collection":[{"href":"https:\/\/claude-place.fr\/index.php?rest_route=\/wp\/v2\/pages"}],"about":[{"href":"https:\/\/claude-place.fr\/index.php?rest_route=\/wp\/v2\/types\/page"}],"author":[{"embeddable":true,"href":"https:\/\/claude-place.fr\/index.php?rest_route=\/wp\/v2\/users\/1"}],"replies":[{"embeddable":true,"href":"https:\/\/claude-place.fr\/index.php?rest_route=%2Fwp%2Fv2%2Fcomments&post=328"}],"version-history":[{"count":10,"href":"https:\/\/claude-place.fr\/index.php?rest_route=\/wp\/v2\/pages\/328\/revisions"}],"predecessor-version":[{"id":1609,"href":"https:\/\/claude-place.fr\/index.php?rest_route=\/wp\/v2\/pages\/328\/revisions\/1609"}],"wp:attachment":[{"href":"https:\/\/claude-place.fr\/index.php?rest_route=%2Fwp%2Fv2%2Fmedia&parent=328"}],"curies":[{"name":"wp","href":"https:\/\/api.w.org\/{rel}","templated":true}]}}